{"id":3043,"date":"2026-03-18T17:13:50","date_gmt":"2026-03-18T17:13:50","guid":{"rendered":"https:\/\/vsguntersdorf.ac.at\/?page_id=3043"},"modified":"2026-03-18T17:30:10","modified_gmt":"2026-03-18T17:30:10","slug":"barrierefreiheit-erklaerung","status":"publish","type":"page","link":"https:\/\/vsguntersdorf.ac.at\/?page_id=3043","title":{"rendered":"Barrierefreiheit Erkl\u00e4rung"},"content":{"rendered":"\t\t<div data-elementor-type=\"wp-page\" data-elementor-id=\"3043\" class=\"elementor elementor-3043\">\n\t\t\t\t\t\t<div class=\"elementor-inner\">\n\t\t\t\t<div class=\"elementor-section-wrap\">\n\t\t\t\t\t\t\t\t\t<section class=\"elementor-section elementor-top-section elementor-element elementor-element-4f000474 elementor-section-boxed elementor-section-height-default elementor-section-height-default\" data-id=\"4f000474\" data-element_type=\"section\">\n\t\t\t\t\t\t<div class=\"elementor-container elementor-column-gap-default\">\n\t\t\t\t\t\t\t<div class=\"elementor-row\">\n\t\t\t\t\t<div class=\"elementor-column elementor-col-100 elementor-top-column elementor-element elementor-element-653f7091\" data-id=\"653f7091\" data-element_type=\"column\">\n\t\t\t<div class=\"elementor-column-wrap elementor-element-populated\">\n\t\t\t\t\t\t\t<div class=\"elementor-widget-wrap\">\n\t\t\t\t\t\t<div class=\"elementor-element elementor-element-9bd5d08 elementor-widget elementor-widget-text-editor\" data-id=\"9bd5d08\" data-element_type=\"widget\" data-widget_type=\"text-editor.default\">\n\t\t\t\t<div class=\"elementor-widget-container\">\n\t\t\t\t\t\t\t\t<div class=\"elementor-text-editor elementor-clearfix\">\n\t\t\t\t<p><\/p>\n<p class=\"MsoNormal\">Die Volksschule Guntersdorf ist bem\u00fcht, ihre Website im\nEinklang mit dem&nbsp;<a href=\"https:\/\/www.ris.bka.gv.at\/GeltendeFassung.wxe?Abfrage=Bundesnormen&amp;Gesetzesnummer=20010727\">Web-Zug\u00e4nglichkeits-Gesetz\n(WZG) idgF<\/a>&nbsp;zur Umsetzung der&nbsp;<a href=\"https:\/\/eur-lex.europa.eu\/legal-content\/DE\/TXT\/?uri=CELEX:32016L2102\">Richtlinie\n(EU) 2016\/2102 des Europ\u00e4ischen Parlaments und des Rates vom 26. Oktober 2016\n\u00fcber den barrierefreien Zugang zu den Websites und mobilen Anwendungen\n\u00f6ffentlicher Stellen<\/a>&nbsp;(Amtsblatt L 327 vom 2.12.2016, S. 1)\nbarrierefrei zug\u00e4nglich zu machen.<o:p><\/o:p><\/p>\t\t\t\t\t<\/div>\n\t\t\t\t\t\t<\/div>\n\t\t\t\t<\/div>\n\t\t\t\t\t\t<\/div>\n\t\t\t\t\t<\/div>\n\t\t<\/div>\n\t\t\t\t\t\t\t\t<\/div>\n\t\t\t\t\t<\/div>\n\t\t<\/section>\n\t\t\t\t\t\t\t\t\t<\/div>\n\t\t\t<\/div>\n\t\t\t\t\t<\/div>\n\t\t","protected":false},"excerpt":{"rendered":"<p>Die Volksschule Guntersdorf ist bem\u00fcht, ihre Website im Einklang mit dem&nbsp;Web-Zug\u00e4nglichkeits-Gesetz (WZG) idgF&nbsp;zur Umsetzung der&nbsp;Richtlinie (EU) 2016\/2102 des Europ\u00e4ischen Parlaments und des Rates vom 26. Oktober 2016 \u00fcber den barrierefreien Zugang zu den Websites und mobilen Anwendungen \u00f6ffentlicher Stellen&nbsp;(Amtsblatt L 327 vom 2.12.2016, S. 1) barrierefrei zug\u00e4nglich zu machen.<\/p>\n","protected":false},"author":2,"featured_media":0,"parent":0,"menu_order":0,"comment_status":"closed","ping_status":"closed","template":"","meta":{"footnotes":""},"class_list":["post-3043","page","type-page","status-publish","hentry"],"_links":{"self":[{"href":"https:\/\/vsguntersdorf.ac.at\/index.php?rest_route=\/wp\/v2\/pages\/3043","targetHints":{"allow":["GET"]}}],"collection":[{"href":"https:\/\/vsguntersdorf.ac.at\/index.php?rest_route=\/wp\/v2\/pages"}],"about":[{"href":"https:\/\/vsguntersdorf.ac.at\/index.php?rest_route=\/wp\/v2\/types\/page"}],"author":[{"embeddable":true,"href":"https:\/\/vsguntersdorf.ac.at\/index.php?rest_route=\/wp\/v2\/users\/2"}],"replies":[{"embeddable":true,"href":"https:\/\/vsguntersdorf.ac.at\/index.php?rest_route=%2Fwp%2Fv2%2Fcomments&post=3043"}],"version-history":[{"count":8,"href":"https:\/\/vsguntersdorf.ac.at\/index.php?rest_route=\/wp\/v2\/pages\/3043\/revisions"}],"predecessor-version":[{"id":3052,"href":"https:\/\/vsguntersdorf.ac.at\/index.php?rest_route=\/wp\/v2\/pages\/3043\/revisions\/3052"}],"wp:attachment":[{"href":"https:\/\/vsguntersdorf.ac.at\/index.php?rest_route=%2Fwp%2Fv2%2Fmedia&parent=3043"}],"curies":[{"name":"wp","href":"https:\/\/api.w.org\/{rel}","templated":true}]}}