{"id":2,"date":"2016-05-10T03:48:21","date_gmt":"2016-05-10T03:48:21","guid":{"rendered":"http:\/\/vsguntersdorf.ac.at\/?page_id=2"},"modified":"2026-01-04T09:00:45","modified_gmt":"2026-01-04T09:00:45","slug":"sample-page","status":"publish","type":"page","link":"https:\/\/vsguntersdorf.ac.at\/","title":{"rendered":"Herzlich willkommen &#8230;"},"content":{"rendered":"\t\t<div data-elementor-type=\"wp-page\" data-elementor-id=\"2\" class=\"elementor elementor-2\">\n\t\t\t\t\t\t<div class=\"elementor-inner\">\n\t\t\t\t<div class=\"elementor-section-wrap\">\n\t\t\t\t\t\t\t\t\t<section class=\"elementor-section elementor-top-section elementor-element elementor-element-950ed2e elementor-section-boxed elementor-section-height-default elementor-section-height-default\" data-id=\"950ed2e\" data-element_type=\"section\">\n\t\t\t\t\t\t<div class=\"elementor-container elementor-column-gap-default\">\n\t\t\t\t\t\t\t<div class=\"elementor-row\">\n\t\t\t\t\t<div class=\"elementor-column elementor-col-100 elementor-top-column elementor-element elementor-element-1cd7964\" data-id=\"1cd7964\" data-element_type=\"column\">\n\t\t\t<div class=\"elementor-column-wrap elementor-element-populated\">\n\t\t\t\t\t\t\t<div class=\"elementor-widget-wrap\">\n\t\t\t\t\t\t<div class=\"elementor-element elementor-element-721b104 elementor-widget elementor-widget-text-editor\" data-id=\"721b104\" data-element_type=\"widget\" data-widget_type=\"text-editor.default\">\n\t\t\t\t<div class=\"elementor-widget-container\">\n\t\t\t\t\t\t\t\t<div class=\"elementor-text-editor elementor-clearfix\">\n\t\t\t\t<p>Liebe Kinder, liebe Eltern!<\/p><p>Wir freuen uns, euch\/Sie alle wieder nach den Ferien bei uns in der Schule begr\u00fc\u00dfen zu d\u00fcrfen. Besonders freuen wir uns \u00fcber unsere Taferlklassler, die heuer das erste Mal unsere Schule besuchen d\u00fcrfen.<\/p><p>Wir w\u00fcnschen allen einen guten Start und ein erfolgreiches Schuljahr 2025\/26<\/p><p>\u00a0 \u00a0 \u00a0 \u00a0 \u00a0 \u00a0 \u00a0 \u00a0 \u00a0 \u00a0 \u00a0 \u00a0 \u00a0 \u00a0 \u00a0 \u00a0 \u00a0 \u00a0 \u00a0 \u00a0 \u00a0 \u00a0 \u00a0 \u00a0 \u00a0 \u00a0 \u00a0 \u00a0 \u00a0 \u00a0 \u00a0 \u00a0 \u00a0 \u00a0 \u00a0das Team der VS GUNTERSDORf<\/p>\t\t\t\t\t<\/div>\n\t\t\t\t\t\t<\/div>\n\t\t\t\t<\/div>\n\t\t\t\t\t\t<\/div>\n\t\t\t\t\t<\/div>\n\t\t<\/div>\n\t\t\t\t\t\t\t\t<\/div>\n\t\t\t\t\t<\/div>\n\t\t<\/section>\n\t\t\t\t<section class=\"elementor-section elementor-top-section elementor-element elementor-element-de22647 elementor-section-boxed elementor-section-height-default elementor-section-height-default\" data-id=\"de22647\" data-element_type=\"section\">\n\t\t\t\t\t\t<div class=\"elementor-container elementor-column-gap-default\">\n\t\t\t\t\t\t\t<div class=\"elementor-row\">\n\t\t\t\t\t<div class=\"elementor-column elementor-col-100 elementor-top-column elementor-element elementor-element-e02e835\" data-id=\"e02e835\" data-element_type=\"column\">\n\t\t\t<div class=\"elementor-column-wrap elementor-element-populated\">\n\t\t\t\t\t\t\t<div class=\"elementor-widget-wrap\">\n\t\t\t\t\t\t<div class=\"elementor-element elementor-element-03e19af elementor-invisible elementor-widget elementor-widget-image\" data-id=\"03e19af\" data-element_type=\"widget\" data-settings=\"{&quot;_animation&quot;:&quot;zoomIn&quot;}\" data-widget_type=\"image.default\">\n\t\t\t\t<div class=\"elementor-widget-container\">\n\t\t\t\t\t\t\t\t<div class=\"elementor-image\">\n\t\t\t\t\t\t\t\t\t\t\t\t<img loading=\"lazy\" decoding=\"async\" width=\"960\" height=\"640\" src=\"https:\/\/vsguntersdorf.ac.at\/wp-content\/uploads\/2020\/12\/background-4861541_960_720.jpg\" class=\"attachment-large size-large\" alt=\"\" srcset=\"https:\/\/vsguntersdorf.ac.at\/wp-content\/uploads\/2020\/12\/background-4861541_960_720.jpg 960w, https:\/\/vsguntersdorf.ac.at\/wp-content\/uploads\/2020\/12\/background-4861541_960_720-300x200.jpg 300w, https:\/\/vsguntersdorf.ac.at\/wp-content\/uploads\/2020\/12\/background-4861541_960_720-768x512.jpg 768w\" sizes=\"auto, (max-width: 960px) 100vw, 960px\" \/>\t\t\t\t\t\t\t\t\t\t\t\t\t\t<\/div>\n\t\t\t\t\t\t<\/div>\n\t\t\t\t<\/div>\n\t\t\t\t\t\t<\/div>\n\t\t\t\t\t<\/div>\n\t\t<\/div>\n\t\t\t\t\t\t\t\t<\/div>\n\t\t\t\t\t<\/div>\n\t\t<\/section>\n\t\t\t\t\t\t\t\t\t<\/div>\n\t\t\t<\/div>\n\t\t\t\t\t<\/div>\n\t\t","protected":false},"excerpt":{"rendered":"<p>Liebe Kinder, liebe Eltern! Wir freuen uns, euch\/Sie alle wieder nach den Ferien bei uns in der Schule begr\u00fc\u00dfen zu d\u00fcrfen. Besonders freuen wir uns \u00fcber unsere Taferlklassler, die heuer das erste Mal unsere Schule besuchen d\u00fcrfen. Wir w\u00fcnschen allen einen guten Start und ein erfolgreiches Schuljahr 2025\/26 \u00a0 \u00a0 \u00a0 \u00a0 \u00a0 \u00a0 \u00a0 [&hellip;]<\/p>\n","protected":false},"author":1,"featured_media":0,"parent":0,"menu_order":0,"comment_status":"closed","ping_status":"open","template":"","meta":{"footnotes":""},"class_list":["post-2","page","type-page","status-publish","hentry"],"_links":{"self":[{"href":"https:\/\/vsguntersdorf.ac.at\/index.php?rest_route=\/wp\/v2\/pages\/2","targetHints":{"allow":["GET"]}}],"collection":[{"href":"https:\/\/vsguntersdorf.ac.at\/index.php?rest_route=\/wp\/v2\/pages"}],"about":[{"href":"https:\/\/vsguntersdorf.ac.at\/index.php?rest_route=\/wp\/v2\/types\/page"}],"author":[{"embeddable":true,"href":"https:\/\/vsguntersdorf.ac.at\/index.php?rest_route=\/wp\/v2\/users\/1"}],"replies":[{"embeddable":true,"href":"https:\/\/vsguntersdorf.ac.at\/index.php?rest_route=%2Fwp%2Fv2%2Fcomments&post=2"}],"version-history":[{"count":29,"href":"https:\/\/vsguntersdorf.ac.at\/index.php?rest_route=\/wp\/v2\/pages\/2\/revisions"}],"predecessor-version":[{"id":2968,"href":"https:\/\/vsguntersdorf.ac.at\/index.php?rest_route=\/wp\/v2\/pages\/2\/revisions\/2968"}],"wp:attachment":[{"href":"https:\/\/vsguntersdorf.ac.at\/index.php?rest_route=%2Fwp%2Fv2%2Fmedia&parent=2"}],"curies":[{"name":"wp","href":"https:\/\/api.w.org\/{rel}","templated":true}]}}