{"id":147,"date":"2020-11-10T14:38:12","date_gmt":"2020-11-10T14:38:12","guid":{"rendered":"http:\/\/vsguntersdorf.ac.at\/?page_id=147"},"modified":"2020-11-30T17:38:25","modified_gmt":"2020-11-30T17:38:25","slug":"schulgemeinschaft","status":"publish","type":"page","link":"https:\/\/vsguntersdorf.ac.at\/?page_id=147","title":{"rendered":"Schulgemeinschaft"},"content":{"rendered":"\t\t<div data-elementor-type=\"wp-page\" data-elementor-id=\"147\" class=\"elementor elementor-147\">\n\t\t\t\t\t\t<div class=\"elementor-inner\">\n\t\t\t\t<div class=\"elementor-section-wrap\">\n\t\t\t\t\t\t\t\t\t<section class=\"elementor-section elementor-top-section elementor-element elementor-element-75924555 elementor-section-boxed elementor-section-height-default elementor-section-height-default\" data-id=\"75924555\" data-element_type=\"section\">\n\t\t\t\t\t\t<div class=\"elementor-container elementor-column-gap-default\">\n\t\t\t\t\t\t\t<div class=\"elementor-row\">\n\t\t\t\t\t<div class=\"elementor-column elementor-col-100 elementor-top-column elementor-element elementor-element-76d4d586\" data-id=\"76d4d586\" data-element_type=\"column\">\n\t\t\t<div class=\"elementor-column-wrap elementor-element-populated\">\n\t\t\t\t\t\t\t<div class=\"elementor-widget-wrap\">\n\t\t\t\t\t\t<div class=\"elementor-element elementor-element-274ffc48 elementor-widget elementor-widget-text-editor\" data-id=\"274ffc48\" data-element_type=\"widget\" data-widget_type=\"text-editor.default\">\n\t\t\t\t<div class=\"elementor-widget-container\">\n\t\t\t\t\t\t\t\t<div class=\"elementor-text-editor elementor-clearfix\">\n\t\t\t\t<p>Die VS Guntersdorf ist eine Kleinschule. Das Ziel der hier unterrichtenden P\u00e4dagoginnen ist es, in der vertrauten Gemeinschaft einer Dorfschule die Kinder in ihrer Entwicklung zu f\u00f6rdern und fundiertes Grundwissen zu vermitteln, das die Basis f\u00fcr weiterf\u00fchrende Schulen bildet.<\/p><p>Ein wertsch\u00e4tzendes und respektvolles Miteinander sind uns ein gro\u00dfes Anliegen. Die Unterschiedlichkeiten von uns allen m\u00f6chten wir akzeptieren und als Bereicherung sehen.<\/p><p>Wir wollen bew\u00e4hrte Strukturen weitertragen und mit vielen innovativen Ideen neue Wege beschreiten.<\/p><p><span style=\"color: var( --e-global-color-text ); font-size: 1.125rem;\">Ein sehr aktiver Elternverein unterst\u00fctzt die P\u00e4dagoginnen der Schule tatkr\u00e4ftig zum Wohle der Kinder.<\/span><\/p>\t\t\t\t\t<\/div>\n\t\t\t\t\t\t<\/div>\n\t\t\t\t<\/div>\n\t\t\t\t\t\t<\/div>\n\t\t\t\t\t<\/div>\n\t\t<\/div>\n\t\t\t\t\t\t\t\t<\/div>\n\t\t\t\t\t<\/div>\n\t\t<\/section>\n\t\t\t\t\t\t\t\t\t<\/div>\n\t\t\t<\/div>\n\t\t\t\t\t<\/div>\n\t\t","protected":false},"excerpt":{"rendered":"<p>Die VS Guntersdorf ist eine Kleinschule. Das Ziel der hier unterrichtenden P\u00e4dagoginnen ist es, in der vertrauten Gemeinschaft einer Dorfschule die Kinder in ihrer Entwicklung zu f\u00f6rdern und fundiertes Grundwissen zu vermitteln, das die Basis f\u00fcr weiterf\u00fchrende Schulen bildet. Ein wertsch\u00e4tzendes und respektvolles Miteinander sind uns ein gro\u00dfes Anliegen. Die Unterschiedlichkeiten von uns allen m\u00f6chten [&hellip;]<\/p>\n","protected":false},"author":2,"featured_media":0,"parent":0,"menu_order":0,"comment_status":"closed","ping_status":"closed","template":"","meta":{"footnotes":""},"class_list":["post-147","page","type-page","status-publish","hentry"],"_links":{"self":[{"href":"https:\/\/vsguntersdorf.ac.at\/index.php?rest_route=\/wp\/v2\/pages\/147","targetHints":{"allow":["GET"]}}],"collection":[{"href":"https:\/\/vsguntersdorf.ac.at\/index.php?rest_route=\/wp\/v2\/pages"}],"about":[{"href":"https:\/\/vsguntersdorf.ac.at\/index.php?rest_route=\/wp\/v2\/types\/page"}],"author":[{"embeddable":true,"href":"https:\/\/vsguntersdorf.ac.at\/index.php?rest_route=\/wp\/v2\/users\/2"}],"replies":[{"embeddable":true,"href":"https:\/\/vsguntersdorf.ac.at\/index.php?rest_route=%2Fwp%2Fv2%2Fcomments&post=147"}],"version-history":[{"count":10,"href":"https:\/\/vsguntersdorf.ac.at\/index.php?rest_route=\/wp\/v2\/pages\/147\/revisions"}],"predecessor-version":[{"id":380,"href":"https:\/\/vsguntersdorf.ac.at\/index.php?rest_route=\/wp\/v2\/pages\/147\/revisions\/380"}],"wp:attachment":[{"href":"https:\/\/vsguntersdorf.ac.at\/index.php?rest_route=%2Fwp%2Fv2%2Fmedia&parent=147"}],"curies":[{"name":"wp","href":"https:\/\/api.w.org\/{rel}","templated":true}]}}